{"id":38,"date":"2021-02-16T12:24:54","date_gmt":"2021-02-16T11:24:54","guid":{"rendered":"https:\/\/lang-av.de\/?page_id=38"},"modified":"2025-06-23T15:34:11","modified_gmt":"2025-06-23T13:34:11","slug":"impressum","status":"publish","type":"page","link":"https:\/\/lang-baranday.ch\/fr\/impressum\/","title":{"rendered":"Mentions l\u00e9gales"},"content":{"rendered":"<section id=\"msg-box3-5\">\n<h3>Mentions l\u00e9gales<\/h3>\nLANG BARANDAY AG<br \/>\nFarbhofstrasse 21<br \/>\n8048 Z\u00fcrich<br \/>\nTelephone: +41 44-500-25-35<br \/>\nE-Mail: info@lang-baranday.ch<br \/>\nInternet: http:\/\/lang-baranday.ch\/<br \/>\nConseil d'administration: Nicola Votta<br \/>\nRegistre du commerce: canton de Zurich<br \/>\nRC No: CH-020.3.044.266-9<br \/>\nN \u00b0 TVA: CHE-205.543.898<br \/>\nClause de non-responsabilit\u00e9 : Malgr\u00e9 un contr\u00f4le minutieux du contenu, nous n'assumons aucune responsabilit\u00e9 pour le contenu des liens externes.<br \/>\nLes exploitants des pages li\u00e9es sont seuls responsables de leur contenu.\n<\/section>","protected":false},"excerpt":{"rendered":"<p>Impressum LANG BARANDAY AG Farbhofstrasse 21 8048 Z\u00fcrich Telefon: +41 44-500-25-35 E-Mail: info@lang-baranday.ch Internet: http:\/\/lang-baranday.ch\/ Vorstand: Nicola Votta Handelsregisteramt: Kanton Z\u00fcrich HR-Nr.: CH-020.3.044.266-9 MwSt. Nr.: CHE-205.543.898 Haftungshinweis: Trotz sorgf\u00e4ltiger inhaltlicher Kontrolle \u00fcbernehmen wir keine Haftung f\u00fcr die Inhalte externer Links. F\u00fcr den Inhalt der verlinkten Seiten sind ausschlie\u00dflich deren Betreiber verantwortlich.<\/p>","protected":false},"author":1,"featured_media":0,"parent":0,"menu_order":0,"comment_status":"closed","ping_status":"closed","template":"","meta":{"_acf_changed":false,"site-sidebar-layout":"default","site-content-layout":"default","ast-site-content-layout":"default","site-content-style":"default","site-sidebar-style":"default","ast-global-header-display":"","ast-banner-title-visibility":"","ast-main-header-display":"","ast-hfb-above-header-display":"","ast-hfb-below-header-display":"","ast-hfb-mobile-header-display":"","site-post-title":"disabled","ast-breadcrumbs-content":"","ast-featured-img":"","footer-sml-layout":"","ast-disable-related-posts":"","theme-transparent-header-meta":"disabled","adv-header-id-meta":"","stick-header-meta":"default","header-above-stick-meta":"","header-main-stick-meta":"","header-below-stick-meta":"","astra-migrate-meta-layouts":"set","ast-page-background-enabled":"default","ast-page-background-meta":{"desktop":{"background-color":"","background-image":"","background-repeat":"repeat","background-position":"center center","background-size":"auto","background-attachment":"scroll","background-type":"","background-media":"","overlay-type":"","overlay-color":"","overlay-opacity":"","overlay-gradient":""},"tablet":{"background-color":"","background-image":"","background-repeat":"repeat","background-position":"center center","background-size":"auto","background-attachment":"scroll","background-type":"","background-media":"","overlay-type":"","overlay-color":"","overlay-opacity":"","overlay-gradient":""},"mobile":{"background-color":"","background-image":"","background-repeat":"repeat","background-position":"center center","background-size":"auto","background-attachment":"scroll","background-type":"","background-media":"","overlay-type":"","overlay-color":"","overlay-opacity":"","overlay-gradient":""}},"ast-content-background-meta":{"desktop":{"background-color":"var(--ast-global-color-5)","background-image":"","background-repeat":"repeat","background-position":"center center","background-size":"auto","background-attachment":"scroll","background-type":"","background-media":"","overlay-type":"","overlay-color":"","overlay-opacity":"","overlay-gradient":""},"tablet":{"background-color":"var(--ast-global-color-5)","background-image":"","background-repeat":"repeat","background-position":"center center","background-size":"auto","background-attachment":"scroll","background-type":"","background-media":"","overlay-type":"","overlay-color":"","overlay-opacity":"","overlay-gradient":""},"mobile":{"background-color":"var(--ast-global-color-5)","background-image":"","background-repeat":"repeat","background-position":"center center","background-size":"auto","background-attachment":"scroll","background-type":"","background-media":"","overlay-type":"","overlay-color":"","overlay-opacity":"","overlay-gradient":""}},"footnotes":""},"class_list":["post-38","page","type-page","status-publish","hentry"],"acf":[],"yoast_head":"<!-- This site is optimized with the Yoast SEO plugin v27.2 - https:\/\/yoast.com\/product\/yoast-seo-wordpress\/ -->\n<title>Impressum - Lang Baranday AG<\/title>\n<meta name=\"robots\" content=\"index, follow, max-snippet:-1, max-image-preview:large, max-video-preview:-1\" \/>\n<link rel=\"canonical\" href=\"https:\/\/lang-baranday.ch\/fr\/impressum\/\" \/>\n<meta property=\"og:locale\" content=\"fr_FR\" \/>\n<meta property=\"og:type\" content=\"article\" \/>\n<meta property=\"og:title\" content=\"Impressum - Lang Baranday AG\" \/>\n<meta property=\"og:description\" content=\"Impressum LANG BARANDAY AG Farbhofstrasse 21 8048 Z\u00fcrich Telefon: +41 44-500-25-35 E-Mail: info@lang-baranday.ch Internet: http:\/\/lang-baranday.ch\/ Vorstand: Nicola Votta Handelsregisteramt: Kanton Z\u00fcrich HR-Nr.: CH-020.3.044.266-9 MwSt. Nr.: CHE-205.543.898 Haftungshinweis: Trotz sorgf\u00e4ltiger inhaltlicher Kontrolle \u00fcbernehmen wir keine Haftung f\u00fcr die Inhalte externer Links. F\u00fcr den Inhalt der verlinkten Seiten sind ausschlie\u00dflich deren Betreiber verantwortlich.\" \/>\n<meta property=\"og:url\" content=\"https:\/\/lang-baranday.ch\/fr\/impressum\/\" \/>\n<meta property=\"og:site_name\" content=\"Lang Baranday AG\" \/>\n<meta property=\"article:modified_time\" content=\"2025-06-23T13:34:11+00:00\" \/>\n<meta name=\"twitter:card\" content=\"summary_large_image\" \/>\n<script type=\"application\/ld+json\" class=\"yoast-schema-graph\">{\"@context\":\"https:\/\/schema.org\",\"@graph\":[{\"@type\":\"WebPage\",\"@id\":\"https:\/\/lang-baranday.ch\/impressum\/\",\"url\":\"https:\/\/lang-baranday.ch\/impressum\/\",\"name\":\"Impressum - Lang Baranday AG\",\"isPartOf\":{\"@id\":\"https:\/\/lang-baranday.ch\/#website\"},\"datePublished\":\"2021-02-16T11:24:54+00:00\",\"dateModified\":\"2025-06-23T13:34:11+00:00\",\"breadcrumb\":{\"@id\":\"https:\/\/lang-baranday.ch\/impressum\/#breadcrumb\"},\"inLanguage\":\"fr-FR\",\"potentialAction\":[{\"@type\":\"ReadAction\",\"target\":[\"https:\/\/lang-baranday.ch\/impressum\/\"]}]},{\"@type\":\"BreadcrumbList\",\"@id\":\"https:\/\/lang-baranday.ch\/impressum\/#breadcrumb\",\"itemListElement\":[{\"@type\":\"ListItem\",\"position\":1,\"name\":\"Home\",\"item\":\"https:\/\/lang-baranday.ch\/\"},{\"@type\":\"ListItem\",\"position\":2,\"name\":\"Impressum\"}]},{\"@type\":\"WebSite\",\"@id\":\"https:\/\/lang-baranday.ch\/#website\",\"url\":\"https:\/\/lang-baranday.ch\/\",\"name\":\"Lang Baranday AG\",\"description\":\"\",\"publisher\":{\"@id\":\"https:\/\/lang-baranday.ch\/#organization\"},\"potentialAction\":[{\"@type\":\"SearchAction\",\"target\":{\"@type\":\"EntryPoint\",\"urlTemplate\":\"https:\/\/lang-baranday.ch\/?s={search_term_string}\"},\"query-input\":{\"@type\":\"PropertyValueSpecification\",\"valueRequired\":true,\"valueName\":\"search_term_string\"}}],\"inLanguage\":\"fr-FR\"},{\"@type\":\"Organization\",\"@id\":\"https:\/\/lang-baranday.ch\/#organization\",\"name\":\"Lang Baranday AG\",\"url\":\"https:\/\/lang-baranday.ch\/\",\"logo\":{\"@type\":\"ImageObject\",\"inLanguage\":\"fr-FR\",\"@id\":\"https:\/\/lang-baranday.ch\/#\/schema\/logo\/image\/\",\"url\":\"https:\/\/lang-baranday.ch\/wp-content\/uploads\/2025\/03\/LANG_BARANDAY_logo.png\",\"contentUrl\":\"https:\/\/lang-baranday.ch\/wp-content\/uploads\/2025\/03\/LANG_BARANDAY_logo.png\",\"width\":140,\"height\":45,\"caption\":\"Lang Baranday AG\"},\"image\":{\"@id\":\"https:\/\/lang-baranday.ch\/#\/schema\/logo\/image\/\"}}]}<\/script>\n<!-- \/ Yoast SEO plugin. -->","yoast_head_json":{"title":"Impressum - Lang Baranday AG","robots":{"index":"index","follow":"follow","max-snippet":"max-snippet:-1","max-image-preview":"max-image-preview:large","max-video-preview":"max-video-preview:-1"},"canonical":"https:\/\/lang-baranday.ch\/fr\/impressum\/","og_locale":"fr_FR","og_type":"article","og_title":"Impressum - Lang Baranday AG","og_description":"Impressum LANG BARANDAY AG Farbhofstrasse 21 8048 Z\u00fcrich Telefon: +41 44-500-25-35 E-Mail: info@lang-baranday.ch Internet: http:\/\/lang-baranday.ch\/ Vorstand: Nicola Votta Handelsregisteramt: Kanton Z\u00fcrich HR-Nr.: CH-020.3.044.266-9 MwSt. Nr.: CHE-205.543.898 Haftungshinweis: Trotz sorgf\u00e4ltiger inhaltlicher Kontrolle \u00fcbernehmen wir keine Haftung f\u00fcr die Inhalte externer Links. F\u00fcr den Inhalt der verlinkten Seiten sind ausschlie\u00dflich deren Betreiber verantwortlich.","og_url":"https:\/\/lang-baranday.ch\/fr\/impressum\/","og_site_name":"Lang Baranday AG","article_modified_time":"2025-06-23T13:34:11+00:00","twitter_card":"summary_large_image","schema":{"@context":"https:\/\/schema.org","@graph":[{"@type":"WebPage","@id":"https:\/\/lang-baranday.ch\/impressum\/","url":"https:\/\/lang-baranday.ch\/impressum\/","name":"Impressum - Lang Baranday AG","isPartOf":{"@id":"https:\/\/lang-baranday.ch\/#website"},"datePublished":"2021-02-16T11:24:54+00:00","dateModified":"2025-06-23T13:34:11+00:00","breadcrumb":{"@id":"https:\/\/lang-baranday.ch\/impressum\/#breadcrumb"},"inLanguage":"fr-FR","potentialAction":[{"@type":"ReadAction","target":["https:\/\/lang-baranday.ch\/impressum\/"]}]},{"@type":"BreadcrumbList","@id":"https:\/\/lang-baranday.ch\/impressum\/#breadcrumb","itemListElement":[{"@type":"ListItem","position":1,"name":"Home","item":"https:\/\/lang-baranday.ch\/"},{"@type":"ListItem","position":2,"name":"Impressum"}]},{"@type":"WebSite","@id":"https:\/\/lang-baranday.ch\/#website","url":"https:\/\/lang-baranday.ch\/","name":"Lang Baranday AG","description":"","publisher":{"@id":"https:\/\/lang-baranday.ch\/#organization"},"potentialAction":[{"@type":"SearchAction","target":{"@type":"EntryPoint","urlTemplate":"https:\/\/lang-baranday.ch\/?s={search_term_string}"},"query-input":{"@type":"PropertyValueSpecification","valueRequired":true,"valueName":"search_term_string"}}],"inLanguage":"fr-FR"},{"@type":"Organization","@id":"https:\/\/lang-baranday.ch\/#organization","name":"Lang Baranday AG","url":"https:\/\/lang-baranday.ch\/","logo":{"@type":"ImageObject","inLanguage":"fr-FR","@id":"https:\/\/lang-baranday.ch\/#\/schema\/logo\/image\/","url":"https:\/\/lang-baranday.ch\/wp-content\/uploads\/2025\/03\/LANG_BARANDAY_logo.png","contentUrl":"https:\/\/lang-baranday.ch\/wp-content\/uploads\/2025\/03\/LANG_BARANDAY_logo.png","width":140,"height":45,"caption":"Lang Baranday AG"},"image":{"@id":"https:\/\/lang-baranday.ch\/#\/schema\/logo\/image\/"}}]}},"_links":{"self":[{"href":"https:\/\/lang-baranday.ch\/fr\/wp-json\/wp\/v2\/pages\/38","targetHints":{"allow":["GET"]}}],"collection":[{"href":"https:\/\/lang-baranday.ch\/fr\/wp-json\/wp\/v2\/pages"}],"about":[{"href":"https:\/\/lang-baranday.ch\/fr\/wp-json\/wp\/v2\/types\/page"}],"author":[{"embeddable":true,"href":"https:\/\/lang-baranday.ch\/fr\/wp-json\/wp\/v2\/users\/1"}],"replies":[{"embeddable":true,"href":"https:\/\/lang-baranday.ch\/fr\/wp-json\/wp\/v2\/comments?post=38"}],"version-history":[{"count":7,"href":"https:\/\/lang-baranday.ch\/fr\/wp-json\/wp\/v2\/pages\/38\/revisions"}],"predecessor-version":[{"id":3115,"href":"https:\/\/lang-baranday.ch\/fr\/wp-json\/wp\/v2\/pages\/38\/revisions\/3115"}],"wp:attachment":[{"href":"https:\/\/lang-baranday.ch\/fr\/wp-json\/wp\/v2\/media?parent=38"}],"curies":[{"name":"wp","href":"https:\/\/api.w.org\/{rel}","templated":true}]}}