{"id":3,"date":"2021-02-15T20:40:46","date_gmt":"2021-02-15T19:40:46","guid":{"rendered":"https:\/\/lang-av.de\/?page_id=3"},"modified":"2025-06-23T16:24:58","modified_gmt":"2025-06-23T14:24:58","slug":"datenschutz","status":"publish","type":"page","link":"https:\/\/lang-baranday.ch\/fr\/datenschutz\/","title":{"rendered":"Politique de confidentialit\u00e9"},"content":{"rendered":"<h3>Politique de confidentialit\u00e9<\/h3>\n<strong>Vos donn\u00e9es<\/strong><br \/>\nConform\u00e9ment aux r\u00e8glements de la loi europ\u00e9enne sur la protection des donn\u00e9es nous traitons vos donn\u00e9es pour l'ex\u00e9cution d'un contrat (article 6 I b DSGVO), pour la protection d'un int\u00e9r\u00eat l\u00e9gitime (article 6 I DSGVO), selon votre consentement (article 6 I a DSGVO) ou les exigences l\u00e9gales au sens de la l\u00e9gislation fiscale (article 6 DSGVO) ou d'int\u00e9r\u00eat public (article 6 DSGVO).<br \/>\nBeim Besuch unserer Internetseite werden einige Daten automatisch erfasst, die nur dann einer Person zugeordnet werden k\u00f6nnen, wenn der Nutzer sich mit Benutzername und Passwort einloggt, dazu geh\u00f6ren folgende Daten: Ger\u00e4te-ID oder eindeutige ID, Ger\u00e4tetyp, Computer- und Verbindungsinformationen, Referral-URL, IP-Adresse, statistische Daten zu Seitenaufrufen und durch unsere Cookies erhobene anonyme Daten.\nWeiterhin erfassen und speichern wir Daten, die auf unserer Website von Ihnen eingegeben werden:<br \/>\n&#8211; Daten, die bei der Einrichtung eines Mitgliedskontos ben\u00f6tigt werden, zum Beispiel E-Mail-Adresse, Name, Passwort, Geschlecht.<br \/>\n&#8211; Daten, die Sie bei einer Angebotsanfrage \u00fcber unsere Internetseite mitgeteilt haben, also Rechnungs- und Lieferadresse, Information zur Bezahlung und gegebenenfalls eine Telefonnummer.<br \/>\n&#8211; Nutzungsdaten bez\u00fcglich Ihrer Aktivit\u00e4ten auf unserer Internetseite (z.B. Inhalte, die Sie generieren: Merkliste).\n<strong>Traitement de vos donn\u00e9es<\/strong><br \/>\nVos donn\u00e9es personnelles seront trait\u00e9es et utilis\u00e9es sans votre consentement uniquement pour le traitement du contrat et le traitement de vos demandes. La divulgation \u00e0 des tiers n'a lieu que si cela est n\u00e9cessaire pour l'ex\u00e9cution du contrat et si vous avez pr\u00e9alablement accept\u00e9 en passant la commande. En outre, nous utilisons vos informations personnelles uniquement pour la publicit\u00e9 et les \u00e9tudes de march\u00e9, et si vous avez d\u00e9j\u00e0 consenti. Vous pouvez r\u00e9voquer ce consentement \u00e0 tout moment. Si vous souhaitez voir, modifier ou supprimer vos donn\u00e9es, veuillez contacter notre responsable de la protection des donn\u00e9es \u00e0 l\u2019adresse suivante:<br \/>\nLANG-Baranday AG<br \/>\nFarbhofstrasse 21<br \/>\n8048 Z\u00fcrich<br \/>\ninfo@lang-baranday.ch -&gt; Objet: Confidentialit\u00e9","protected":false},"excerpt":{"rendered":"<p>Datenschutzerkl\u00e4rung Ihre Daten Nach den Regeln des europ\u00e4ischen Datenschutzgesetzes verarbeiten wir Ihre Daten zur Erf\u00fcllung eines Vertrags (Art. 6 I b DSGVO), zur Wahrung eines berechtigten Interesses (Art. 6 I f DSGVO), nach Ihrer Einwilligung (Art. 6 I a DSGVO) oder aufgrund gesetzlicher Vorgaben im Sinne von steuerrechtlichen Zwecken (Art. 6 I e DSGVO) oder [&hellip;]<\/p>\n","protected":false},"author":1,"featured_media":0,"parent":0,"menu_order":0,"comment_status":"closed","ping_status":"closed","template":"","meta":{"_acf_changed":false,"site-sidebar-layout":"default","site-content-layout":"default","ast-site-content-layout":"default","site-content-style":"default","site-sidebar-style":"default","ast-global-header-display":"","ast-banner-title-visibility":"","ast-main-header-display":"","ast-hfb-above-header-display":"","ast-hfb-below-header-display":"","ast-hfb-mobile-header-display":"","site-post-title":"disabled","ast-breadcrumbs-content":"","ast-featured-img":"","footer-sml-layout":"","ast-disable-related-posts":"","theme-transparent-header-meta":"default","adv-header-id-meta":"","stick-header-meta":"default","header-above-stick-meta":"","header-main-stick-meta":"","header-below-stick-meta":"","astra-migrate-meta-layouts":"set","ast-page-background-enabled":"default","ast-page-background-meta":{"desktop":{"background-color":"","background-image":"","background-repeat":"repeat","background-position":"center center","background-size":"auto","background-attachment":"scroll","background-type":"","background-media":"","overlay-type":"","overlay-color":"","overlay-opacity":"","overlay-gradient":""},"tablet":{"background-color":"","background-image":"","background-repeat":"repeat","background-position":"center center","background-size":"auto","background-attachment":"scroll","background-type":"","background-media":"","overlay-type":"","overlay-color":"","overlay-opacity":"","overlay-gradient":""},"mobile":{"background-color":"","background-image":"","background-repeat":"repeat","background-position":"center center","background-size":"auto","background-attachment":"scroll","background-type":"","background-media":"","overlay-type":"","overlay-color":"","overlay-opacity":"","overlay-gradient":""}},"ast-content-background-meta":{"desktop":{"background-color":"var(--ast-global-color-5)","background-image":"","background-repeat":"repeat","background-position":"center center","background-size":"auto","background-attachment":"scroll","background-type":"","background-media":"","overlay-type":"","overlay-color":"","overlay-opacity":"","overlay-gradient":""},"tablet":{"background-color":"var(--ast-global-color-5)","background-image":"","background-repeat":"repeat","background-position":"center center","background-size":"auto","background-attachment":"scroll","background-type":"","background-media":"","overlay-type":"","overlay-color":"","overlay-opacity":"","overlay-gradient":""},"mobile":{"background-color":"var(--ast-global-color-5)","background-image":"","background-repeat":"repeat","background-position":"center center","background-size":"auto","background-attachment":"scroll","background-type":"","background-media":"","overlay-type":"","overlay-color":"","overlay-opacity":"","overlay-gradient":""}},"footnotes":""},"class_list":["post-3","page","type-page","status-publish","hentry"],"acf":[],"yoast_head":"<!-- This site is optimized with the Yoast SEO plugin v27.2 - https:\/\/yoast.com\/product\/yoast-seo-wordpress\/ -->\n<title>Datenschutz - Lang Baranday AG<\/title>\n<meta name=\"robots\" content=\"index, follow, max-snippet:-1, max-image-preview:large, max-video-preview:-1\" \/>\n<link rel=\"canonical\" href=\"https:\/\/lang-baranday.ch\/fr\/datenschutz\/\" \/>\n<meta property=\"og:locale\" content=\"fr_FR\" \/>\n<meta property=\"og:type\" content=\"article\" \/>\n<meta property=\"og:title\" content=\"Datenschutz - Lang Baranday AG\" \/>\n<meta property=\"og:description\" content=\"Datenschutzerkl\u00e4rung Ihre Daten Nach den Regeln des europ\u00e4ischen Datenschutzgesetzes verarbeiten wir Ihre Daten zur Erf\u00fcllung eines Vertrags (Art. 6 I b DSGVO), zur Wahrung eines berechtigten Interesses (Art. 6 I f DSGVO), nach Ihrer Einwilligung (Art. 6 I a DSGVO) oder aufgrund gesetzlicher Vorgaben im Sinne von steuerrechtlichen Zwecken (Art. 6 I e DSGVO) oder [&hellip;]\" \/>\n<meta property=\"og:url\" content=\"https:\/\/lang-baranday.ch\/fr\/datenschutz\/\" \/>\n<meta property=\"og:site_name\" content=\"Lang Baranday AG\" \/>\n<meta property=\"article:modified_time\" content=\"2025-06-23T14:24:58+00:00\" \/>\n<meta name=\"twitter:card\" content=\"summary_large_image\" \/>\n<meta name=\"twitter:label1\" content=\"Dur\u00e9e de lecture estim\u00e9e\" \/>\n\t<meta name=\"twitter:data1\" content=\"1 minute\" \/>\n<script type=\"application\/ld+json\" class=\"yoast-schema-graph\">{\"@context\":\"https:\/\/schema.org\",\"@graph\":[{\"@type\":\"WebPage\",\"@id\":\"https:\/\/lang-baranday.ch\/datenschutz\/\",\"url\":\"https:\/\/lang-baranday.ch\/datenschutz\/\",\"name\":\"Datenschutz - Lang Baranday AG\",\"isPartOf\":{\"@id\":\"https:\/\/lang-baranday.ch\/#website\"},\"datePublished\":\"2021-02-15T19:40:46+00:00\",\"dateModified\":\"2025-06-23T14:24:58+00:00\",\"breadcrumb\":{\"@id\":\"https:\/\/lang-baranday.ch\/datenschutz\/#breadcrumb\"},\"inLanguage\":\"fr-FR\",\"potentialAction\":[{\"@type\":\"ReadAction\",\"target\":[\"https:\/\/lang-baranday.ch\/datenschutz\/\"]}]},{\"@type\":\"BreadcrumbList\",\"@id\":\"https:\/\/lang-baranday.ch\/datenschutz\/#breadcrumb\",\"itemListElement\":[{\"@type\":\"ListItem\",\"position\":1,\"name\":\"Home\",\"item\":\"https:\/\/lang-baranday.ch\/\"},{\"@type\":\"ListItem\",\"position\":2,\"name\":\"Datenschutz\"}]},{\"@type\":\"WebSite\",\"@id\":\"https:\/\/lang-baranday.ch\/#website\",\"url\":\"https:\/\/lang-baranday.ch\/\",\"name\":\"Lang Baranday AG\",\"description\":\"\",\"publisher\":{\"@id\":\"https:\/\/lang-baranday.ch\/#organization\"},\"potentialAction\":[{\"@type\":\"SearchAction\",\"target\":{\"@type\":\"EntryPoint\",\"urlTemplate\":\"https:\/\/lang-baranday.ch\/?s={search_term_string}\"},\"query-input\":{\"@type\":\"PropertyValueSpecification\",\"valueRequired\":true,\"valueName\":\"search_term_string\"}}],\"inLanguage\":\"fr-FR\"},{\"@type\":\"Organization\",\"@id\":\"https:\/\/lang-baranday.ch\/#organization\",\"name\":\"Lang Baranday AG\",\"url\":\"https:\/\/lang-baranday.ch\/\",\"logo\":{\"@type\":\"ImageObject\",\"inLanguage\":\"fr-FR\",\"@id\":\"https:\/\/lang-baranday.ch\/#\/schema\/logo\/image\/\",\"url\":\"https:\/\/lang-baranday.ch\/wp-content\/uploads\/2025\/03\/LANG_BARANDAY_logo.png\",\"contentUrl\":\"https:\/\/lang-baranday.ch\/wp-content\/uploads\/2025\/03\/LANG_BARANDAY_logo.png\",\"width\":140,\"height\":45,\"caption\":\"Lang Baranday AG\"},\"image\":{\"@id\":\"https:\/\/lang-baranday.ch\/#\/schema\/logo\/image\/\"}}]}<\/script>\n<!-- \/ Yoast SEO plugin. -->","yoast_head_json":{"title":"Datenschutz - Lang Baranday AG","robots":{"index":"index","follow":"follow","max-snippet":"max-snippet:-1","max-image-preview":"max-image-preview:large","max-video-preview":"max-video-preview:-1"},"canonical":"https:\/\/lang-baranday.ch\/fr\/datenschutz\/","og_locale":"fr_FR","og_type":"article","og_title":"Datenschutz - Lang Baranday AG","og_description":"Datenschutzerkl\u00e4rung Ihre Daten Nach den Regeln des europ\u00e4ischen Datenschutzgesetzes verarbeiten wir Ihre Daten zur Erf\u00fcllung eines Vertrags (Art. 6 I b DSGVO), zur Wahrung eines berechtigten Interesses (Art. 6 I f DSGVO), nach Ihrer Einwilligung (Art. 6 I a DSGVO) oder aufgrund gesetzlicher Vorgaben im Sinne von steuerrechtlichen Zwecken (Art. 6 I e DSGVO) oder [&hellip;]","og_url":"https:\/\/lang-baranday.ch\/fr\/datenschutz\/","og_site_name":"Lang Baranday AG","article_modified_time":"2025-06-23T14:24:58+00:00","twitter_card":"summary_large_image","twitter_misc":{"Dur\u00e9e de lecture estim\u00e9e":"1 minute"},"schema":{"@context":"https:\/\/schema.org","@graph":[{"@type":"WebPage","@id":"https:\/\/lang-baranday.ch\/datenschutz\/","url":"https:\/\/lang-baranday.ch\/datenschutz\/","name":"Datenschutz - Lang Baranday AG","isPartOf":{"@id":"https:\/\/lang-baranday.ch\/#website"},"datePublished":"2021-02-15T19:40:46+00:00","dateModified":"2025-06-23T14:24:58+00:00","breadcrumb":{"@id":"https:\/\/lang-baranday.ch\/datenschutz\/#breadcrumb"},"inLanguage":"fr-FR","potentialAction":[{"@type":"ReadAction","target":["https:\/\/lang-baranday.ch\/datenschutz\/"]}]},{"@type":"BreadcrumbList","@id":"https:\/\/lang-baranday.ch\/datenschutz\/#breadcrumb","itemListElement":[{"@type":"ListItem","position":1,"name":"Home","item":"https:\/\/lang-baranday.ch\/"},{"@type":"ListItem","position":2,"name":"Datenschutz"}]},{"@type":"WebSite","@id":"https:\/\/lang-baranday.ch\/#website","url":"https:\/\/lang-baranday.ch\/","name":"Lang Baranday AG","description":"","publisher":{"@id":"https:\/\/lang-baranday.ch\/#organization"},"potentialAction":[{"@type":"SearchAction","target":{"@type":"EntryPoint","urlTemplate":"https:\/\/lang-baranday.ch\/?s={search_term_string}"},"query-input":{"@type":"PropertyValueSpecification","valueRequired":true,"valueName":"search_term_string"}}],"inLanguage":"fr-FR"},{"@type":"Organization","@id":"https:\/\/lang-baranday.ch\/#organization","name":"Lang Baranday AG","url":"https:\/\/lang-baranday.ch\/","logo":{"@type":"ImageObject","inLanguage":"fr-FR","@id":"https:\/\/lang-baranday.ch\/#\/schema\/logo\/image\/","url":"https:\/\/lang-baranday.ch\/wp-content\/uploads\/2025\/03\/LANG_BARANDAY_logo.png","contentUrl":"https:\/\/lang-baranday.ch\/wp-content\/uploads\/2025\/03\/LANG_BARANDAY_logo.png","width":140,"height":45,"caption":"Lang Baranday AG"},"image":{"@id":"https:\/\/lang-baranday.ch\/#\/schema\/logo\/image\/"}}]}},"_links":{"self":[{"href":"https:\/\/lang-baranday.ch\/fr\/wp-json\/wp\/v2\/pages\/3","targetHints":{"allow":["GET"]}}],"collection":[{"href":"https:\/\/lang-baranday.ch\/fr\/wp-json\/wp\/v2\/pages"}],"about":[{"href":"https:\/\/lang-baranday.ch\/fr\/wp-json\/wp\/v2\/types\/page"}],"author":[{"embeddable":true,"href":"https:\/\/lang-baranday.ch\/fr\/wp-json\/wp\/v2\/users\/1"}],"replies":[{"embeddable":true,"href":"https:\/\/lang-baranday.ch\/fr\/wp-json\/wp\/v2\/comments?post=3"}],"version-history":[{"count":6,"href":"https:\/\/lang-baranday.ch\/fr\/wp-json\/wp\/v2\/pages\/3\/revisions"}],"predecessor-version":[{"id":3133,"href":"https:\/\/lang-baranday.ch\/fr\/wp-json\/wp\/v2\/pages\/3\/revisions\/3133"}],"wp:attachment":[{"href":"https:\/\/lang-baranday.ch\/fr\/wp-json\/wp\/v2\/media?parent=3"}],"curies":[{"name":"wp","href":"https:\/\/api.w.org\/{rel}","templated":true}]}}