{"id":2698,"date":"2025-06-17T14:01:27","date_gmt":"2025-06-17T12:01:27","guid":{"rendered":"https:\/\/1920x1080.ch\/wp\/?page_id=2698"},"modified":"2026-04-13T09:14:02","modified_gmt":"2026-04-13T07:14:02","slug":"lang-baranday-ag-home","status":"publish","type":"page","link":"https:\/\/lang-baranday.ch\/fr\/","title":{"rendered":"Lang Baranday AG &#8211; Home"},"content":{"rendered":"<ul>\n\t\t\t\t<li>\n\t\t\t<img decoding=\"async\" loading=\"false\" src=\"https:\/\/lang-baranday.ch\/wp-content\/uploads\/LB-Kindermann-PJ-Halterungen-WebSlider.jpg\" alt=\"\" \/>\t\t\t\n\t\t\t\t<h1>Kindermann<\/h1><h4><strong>Pr\u00e9cis, facile \u00e0 installer, de haute qualit\u00e9 : <\/strong><strong>\u00a0 \u00a0 \u00a0 \u00a0 \u00a0 &#8211; die Deckenhalterung, die alles kann<\/strong><\/h4>\n\t\t\t<a href=\"https:\/\/www.kindermann.de\/Produkte\/Alle-Kategorien\/Halterungen\/Projektorenhalterungen\/\"  target=\"_blank\" rel=\"noopener\">\n\t\t\t\t\t\t\tApprendre encore plus\n\t\t\t\t\t<\/a>\n\t\t<\/li>\n\t\t\t<li>\n\t\t\t<img decoding=\"async\" loading=\"false\" src=\"https:\/\/lang-baranday.ch\/wp-content\/uploads\/2025\/06\/Analogway_Aquilon.png\" alt=\"\" \/>\t\t\t\n\t\t\t\t<h1>Analog Way<\/h1><h4>Pionnier de l'analogique, leader du num\u00e9rique<\/h4>\n\n\t\t\t<a href=\"https:\/\/www.analogway.com\/configurator?utm_source=lang_baranday_ag&#038;utm_medium=partenaire&#038;utm_campaign=configurateur2025\"  target=\"_blank\" rel=\"noopener\">\n\t\t\t\t\t\t\tCONFIGURATEUR\n\t\t\t\t\t<\/a>\n\t\t<\/li>\n\t\t\t<li>\n\t\t\t<img decoding=\"async\" loading=\"false\" src=\"https:\/\/lang-baranday.ch\/wp-content\/uploads\/2025\/06\/AV_Stumpf_PIXERA_four.jpg\" alt=\"\" \/>\t\t\t\n\t\t\t\t<h1>PIXERA <\/h1><h4>Serveur multim\u00e9dia de nouvelle g\u00e9n\u00e9ration<\/h4>\n\t\t\t<a href=\"mailto:adrian.kaelin@lang-baranday.ch\"  target=\"_blank\" rel=\"noopener\">\n\t\t\t\t\t\t\tCONTACTEZ NOUS\n\t\t\t\t\t<\/a>\n\t\t<\/li>\n\t\t\t<li>\n\t\t\t<img decoding=\"async\" loading=\"false\" src=\"https:\/\/lang-baranday.ch\/wp-content\/uploads\/2025\/06\/BARCO_NEXXIS.png\" alt=\"\" \/>\t\t\t\n\t\t\t\t<h1>BARCO<\/h1><h4>Solution bas\u00e9e sur le cloud pour la collaboration chirurgicale \u00e0 distance<\/h4>\n\t\t\t<a href=\"https:\/\/www.barco.com\/en\/product\/nexxis\"  target=\"_blank\" rel=\"noopener\">\n\t\t\t\t\t\t\tApprendre encore plus\n\t\t\t\t\t<\/a>\n\t\t<\/li>\n\t\t\t<li>\n\t\t\t<img decoding=\"async\" loading=\"false\" src=\"https:\/\/lang-baranday.ch\/wp-content\/uploads\/2025\/06\/Slide_Service.jpg\" alt=\"\" \/>\t\t\t\n\t\t\t\t<h1>SERVICE<\/h1><h4>Nous aimons notre mat\u00e9riel<\/h4>\n\t\t<\/li>\n\t\t<\/ul>\n\t\t\t<h1>Profil<\/h1>\t\t\t\n<p class=\"translation-block\">LANG BARANDAY AG est un grossiste suisse de mat\u00e9riel de pr\u00e9sentation visuelle et p\u00e9riph\u00e9riques. Baranday AG a \u00e9t\u00e9 fond\u00e9e en 2006 par Nicola Votta. Baranday AG est reconnu pour son savoir-faire technique et comme un pilier important du march\u00e9 audiovisuel Suisse. La soci\u00e9t\u00e9 est sp\u00e9cialis\u00e9e dans la location et la vente de technologie vid\u00e9o. Entretien et maintenance de mat\u00e9riel professionnel compl\u00e8tent les ventes et la gamme des services LANG BARANDAY AG.  Suite \u00e0 une Joint Venture en 2017 avec la LANG AG \u00e0 Lindlar (D), la soci\u00e9t\u00e9 Suisse a pu encore enrichir son portefeuille de fournisseurs suppl\u00e9mentaires et \u00e9largir son offre.<\/p>\n\t\t\t<h1>Vente<\/h1><p>Un \u00e9quipement vid\u00e9o professionnel de tr\u00e8s haut niveau<\/p>\t\t\t\n\t\t\t\t<p>Nous nous sp\u00e9cialisons dans l'importation et la distribution de solutions vid\u00e9o professionnelles de haute qualit\u00e9. Nous \u00e9valuons en permanence les technologies les plus r\u00e9centes et adaptons sur mesure des syst\u00e8mes soigneusement s\u00e9lectionn\u00e9s aux besoins sp\u00e9cifiques de nos clients.<\/p>\n<p>Umfassendes technisches Know-how erm\u00f6glicht eine fundierte Begleitung bei der Auswahl passender L\u00f6sungen sowie eine kompetente Unterst\u00fctzung &#8211; \u00fcber die vollst\u00e4ndige Signalkette von der Kamera bis hin zur Anzeige. Ein tiefgehendes Verst\u00e4ndnis komplexer Videotechnik stellt sicher, dass individuelle Anforderungen pr\u00e4zise umgesetzt und optimale Ergebnisse erzielt werden.<\/p>\n<p>Dar\u00fcber hinaus wird bei Bedarf Unterst\u00fctzung in s\u00e4mtlichen Projektphasen geboten &#8211; von der Planung \u00fcber Montage und Inbetriebnahme bis hin zur Programmierung sowie umfassenden After-Sales-Services inklusive Reparatur, Instandhaltung und Wiederherstellung.<\/p>\n<p>Gr\u00e2ce au d\u00e9veloppement continu de notre gamme, l'acc\u00e8s \u00e0 des solutions innovantes et performantes est garanti \u00e0 tout moment.<\/p>\n\t\t\t\t\t\t\t\t\t<img decoding=\"async\" src=\"https:\/\/1920x1080.ch\/wp\/wp-content\/uploads\/2025\/06\/Marcel_Schmidt_gross.jpg\" alt=\"Director asd\" itemprop=\"image\" srcset=\"https:\/\/lang-baranday.ch\/wp-content\/uploads\/2025\/06\/Marcel_Schmidt_gross.jpg 1400w, https:\/\/lang-baranday.ch\/wp-content\/uploads\/2025\/06\/Marcel_Schmidt_gross-300x200.jpg 300w, https:\/\/lang-baranday.ch\/wp-content\/uploads\/2025\/06\/Marcel_Schmidt_gross-1024x682.jpg 1024w, https:\/\/lang-baranday.ch\/wp-content\/uploads\/2025\/06\/Marcel_Schmidt_gross-768x512.jpg 768w\" sizes=\"(max-width: 1400px) 100vw, 1400px\" title=\"Marcel_Schmidt_gro\u00df\" onerror=\"this.style.display='none'\"  \/>\n\t\t\t\t\t\t\t\t\t<img decoding=\"async\" src=\"https:\/\/1920x1080.ch\/wp\/wp-content\/uploads\/2025\/06\/martin-meding.jpg\" alt=\"Direktor\" itemprop=\"image\" srcset=\"https:\/\/lang-baranday.ch\/wp-content\/uploads\/2025\/06\/martin-meding.jpg 1400w, https:\/\/lang-baranday.ch\/wp-content\/uploads\/2025\/06\/martin-meding-300x200.jpg 300w, https:\/\/lang-baranday.ch\/wp-content\/uploads\/2025\/06\/martin-meding-1024x682.jpg 1024w, https:\/\/lang-baranday.ch\/wp-content\/uploads\/2025\/06\/martin-meding-768x512.jpg 768w\" sizes=\"(max-width: 1400px) 100vw, 1400px\" title=\"Martin Meding\" onerror=\"this.style.display='none'\"  \/>\n\t\t\t<h1>Location<\/h1><p>Pour nos clients, seulement le meilleur<\/p>\t\t\t\n\t\t\t\t<p>Die LANG BARANDAY AG bietet Ihnen durch aufwendige Produkttests ausgew\u00e4hlte Artikel von namhaften internationalen Herstellern. Unser Portfolio beinhaltet unter anderem Projektoren, LED Technik, Kameraz\u00fcge und Displayl\u00f6sungen von 9&#8243; und 138&#8243; sowie digitale Switcher, Controller und Medienserver.<\/p>\n<p>Si le produit que vous recherchez ne figure pas dans la liste, n'h\u00e9sitez pas \u00e0 contacter nos conseillers professionnels. Ils vous proposeront rapidement et avec comp\u00e9tence une offre personnalis\u00e9e et compl\u00e8te. Gr\u00e2ce \u00e0 notre syst\u00e8me de gestion des stocks sp\u00e9cialement d\u00e9velopp\u00e9 pour le march\u00e9 de la location, nous avons \u00e0 tout moment une vue d'ensemble de la disponibilit\u00e9 des \u00e9quipements que vous recherchez.<\/p>\n\t\t\t<h1>Service<\/h1><p> Nous aimons notre mat\u00e9riel<\/p>\t\t\t\n\t\t\t\t<p class=\"translation-block\">Apr\u00e8s chaque location, un contr\u00f4le approfondi de chaque appareil est effectu\u00e9. Nous accordons une attention non seulement aux dommages, mais v\u00e9rifions aussi le bon fonctionnement de chaque appareil en d\u00e9tail et effectuons les mises \u00e0 jour n\u00e9cessaires. Cela est fait par des techniciens de service qualifi\u00e9s qui suivent des formations en permanence chez les fabricants. Si vous avez un probl\u00e8me avec vos produits ou si vous souhaitez profiter r\u00e9guli\u00e8rement de notre service. En tant que partenaires officiels Barco, Panasonic, etc. nous pouvons r\u00e9parer votre produit rapidement et avec comp\u00e9tence.<\/p>\n\t<h1>FORMATION<\/h1>\n<p>Nous, LANG BARANDAY AG, sommes une filiale de la LANG ACADEMY \u00e0 Lindlar, en Allemagne, et proposons \u00e9galement des formations dans nos locaux \u00e0 Zurich. Si vous \u00eates int\u00e9ress\u00e9, veuillez utiliser notre formulaire de contact.<\/p>\n<p>&nbsp;<\/p>\n<h1  data-animation-delay=\"0\" data-animation-duration=\"1\">\n\t\t\tFormulaire de contact\t<\/h1>\n\t<p><small>Contactez-nous<\/small><\/p>\n\t<p>Num\u00e9ro de t\u00e9l\u00e9phone: +41 44 5002 535<\/p>\n<p>Horaires d'ouverture lundi au vendredi 8:00-12:00 | 13:00-17:00<\/p>\n<h1>\n\t\t\tTeam\t<\/h1>\n\t\t<ul>\n\t\t<li  data-children-wrapper=\"true\"><\/li><li  data-children-wrapper=\"true\"><\/li><li  data-children-wrapper=\"true\"><\/li><li  data-children-wrapper=\"true\"><\/li><li  data-children-wrapper=\"true\"><\/li><li  data-children-wrapper=\"true\"><\/li><li  data-children-wrapper=\"true\"><\/li><li  data-children-wrapper=\"true\"><\/li><li  data-children-wrapper=\"true\"><\/li><li  data-children-wrapper=\"true\"><\/li>\t<\/ul>\n\t\t\t<ul class='page-numbers'>\n\t<li>1<\/li>\n\t<li><a href=\"https:\/\/lang-baranday.ch\/fr\/page\/2\/?fl_builder\">2<\/a><\/li>\n\t<li><a href=\"https:\/\/lang-baranday.ch\/fr\/page\/3\/?fl_builder\">3<\/a><\/li>\n\t<li><a href=\"https:\/\/lang-baranday.ch\/fr\/page\/4\/?fl_builder\">4<\/a><\/li>\n\t<li><a href=\"https:\/\/lang-baranday.ch\/fr\/page\/2\/?fl_builder\">Weiter &raquo;<\/a><\/li>\n<\/ul>\n\t\t<h6>mitarbeiterbild<\/h6>CEO\n    <a \n       href=\"mailto:\" \n       target=\"_blank\" \n       rel=\"noopener\">\n    <\/a>\n<h1>\n\t\t\tFournisseurs\t<\/h1>\n\t<iframe src=\"https:\/\/www.google.com\/maps\/embed\/v1\/place?q=lang+baranday+ag%0Afarbhofstrasse+21%0A8048+Z%C3%BCrich&#038;key=AIzaSyD09zQ9PNDNNy9TadMuzRV_UsPUoWKntt8\" aria-hidden=\"true\"><\/iframe>","protected":false},"excerpt":{"rendered":"<p>Kindermann Pr\u00e4zise, schnell wechselbar, hochwertig \u00a0 \u00a0 \u00a0 \u00a0 \u00a0 &#8211; die Deckenhalterung, die alles kann MEHR ERFAHREN Analog Way Pioneer in Analog, Leader in Digital ZUM KONFIGURATOR PIXERA Next Generation Media Server KONTAKTIEREN SIE UNS BARCO Cloud-basierte L\u00f6sung f\u00fcr die chirurgische Remote-Zusammenarbeit MEHR ERFAHREN SERVICE Wir lieben unsere Ger\u00e4te Leidenschaft f\u00fcr Technik Die LANG [&hellip;]<\/p>\n","protected":false},"author":1,"featured_media":0,"parent":0,"menu_order":0,"comment_status":"closed","ping_status":"closed","template":"","meta":{"_acf_changed":false,"site-sidebar-layout":"no-sidebar","site-content-layout":"page-builder","ast-site-content-layout":"default","site-content-style":"default","site-sidebar-style":"default","ast-global-header-display":"","ast-banner-title-visibility":"","ast-main-header-display":"","ast-hfb-above-header-display":"","ast-hfb-below-header-display":"","ast-hfb-mobile-header-display":"","site-post-title":"disabled","ast-breadcrumbs-content":"","ast-featured-img":"disabled","footer-sml-layout":"","ast-disable-related-posts":"","theme-transparent-header-meta":"default","adv-header-id-meta":"","stick-header-meta":"default","header-above-stick-meta":"","header-main-stick-meta":"","header-below-stick-meta":"","astra-migrate-meta-layouts":"set","ast-page-background-enabled":"default","ast-page-background-meta":{"desktop":{"background-color":"","background-image":"","background-repeat":"repeat","background-position":"center center","background-size":"auto","background-attachment":"scroll","background-type":"","background-media":"","overlay-type":"","overlay-color":"","overlay-opacity":"","overlay-gradient":""},"tablet":{"background-color":"","background-image":"","background-repeat":"repeat","background-position":"center center","background-size":"auto","background-attachment":"scroll","background-type":"","background-media":"","overlay-type":"","overlay-color":"","overlay-opacity":"","overlay-gradient":""},"mobile":{"background-color":"","background-image":"","background-repeat":"repeat","background-position":"center center","background-size":"auto","background-attachment":"scroll","background-type":"","background-media":"","overlay-type":"","overlay-color":"","overlay-opacity":"","overlay-gradient":""}},"ast-content-background-meta":{"desktop":{"background-color":"var(--ast-global-color-5)","background-image":"","background-repeat":"repeat","background-position":"center center","background-size":"auto","background-attachment":"scroll","background-type":"","background-media":"","overlay-type":"","overlay-color":"","overlay-opacity":"","overlay-gradient":""},"tablet":{"background-color":"var(--ast-global-color-5)","background-image":"","background-repeat":"repeat","background-position":"center center","background-size":"auto","background-attachment":"scroll","background-type":"","background-media":"","overlay-type":"","overlay-color":"","overlay-opacity":"","overlay-gradient":""},"mobile":{"background-color":"var(--ast-global-color-5)","background-image":"","background-repeat":"repeat","background-position":"center center","background-size":"auto","background-attachment":"scroll","background-type":"","background-media":"","overlay-type":"","overlay-color":"","overlay-opacity":"","overlay-gradient":""}},"footnotes":""},"class_list":["post-2698","page","type-page","status-publish","hentry"],"acf":[],"yoast_head":"<!-- This site is optimized with the Yoast SEO plugin v27.2 - https:\/\/yoast.com\/product\/yoast-seo-wordpress\/ -->\n<title>Lang Baranday AG - Home - Lang Baranday AG<\/title>\n<meta name=\"robots\" content=\"index, follow, max-snippet:-1, max-image-preview:large, max-video-preview:-1\" \/>\n<link rel=\"canonical\" href=\"https:\/\/lang-baranday.ch\/fr\/\" \/>\n<meta property=\"og:locale\" content=\"fr_FR\" \/>\n<meta property=\"og:type\" content=\"article\" \/>\n<meta property=\"og:title\" content=\"Lang Baranday AG - Home - Lang Baranday AG\" \/>\n<meta property=\"og:description\" content=\"Kindermann Pr\u00e4zise, schnell wechselbar, hochwertig \u00a0 \u00a0 \u00a0 \u00a0 \u00a0 &#8211; die Deckenhalterung, die alles kann MEHR ERFAHREN Analog Way Pioneer in Analog, Leader in Digital ZUM KONFIGURATOR PIXERA Next Generation Media Server KONTAKTIEREN SIE UNS BARCO Cloud-basierte L\u00f6sung f\u00fcr die chirurgische Remote-Zusammenarbeit MEHR ERFAHREN SERVICE Wir lieben unsere Ger\u00e4te Leidenschaft f\u00fcr Technik Die LANG [&hellip;]\" \/>\n<meta property=\"og:url\" content=\"https:\/\/lang-baranday.ch\/fr\/\" \/>\n<meta property=\"og:site_name\" content=\"Lang Baranday AG\" \/>\n<meta property=\"article:modified_time\" content=\"2026-04-13T07:14:02+00:00\" \/>\n<meta property=\"og:image\" content=\"https:\/\/lang-baranday.ch\/wp-content\/uploads\/LB-Kindermann-PJ-Halterungen-WebSlider.jpg\" \/>\n<meta name=\"twitter:card\" content=\"summary_large_image\" \/>\n<meta name=\"twitter:label1\" content=\"Dur\u00e9e de lecture estim\u00e9e\" \/>\n\t<meta name=\"twitter:data1\" content=\"11 minutes\" \/>\n<script type=\"application\/ld+json\" class=\"yoast-schema-graph\">{\"@context\":\"https:\/\/schema.org\",\"@graph\":[{\"@type\":\"WebPage\",\"@id\":\"https:\/\/lang-baranday.ch\/\",\"url\":\"https:\/\/lang-baranday.ch\/\",\"name\":\"Lang Baranday AG - Home - Lang Baranday AG\",\"isPartOf\":{\"@id\":\"https:\/\/lang-baranday.ch\/#website\"},\"primaryImageOfPage\":{\"@id\":\"https:\/\/lang-baranday.ch\/#primaryimage\"},\"image\":{\"@id\":\"https:\/\/lang-baranday.ch\/#primaryimage\"},\"thumbnailUrl\":\"https:\/\/lang-baranday.ch\/wp-content\/uploads\/LB-Kindermann-PJ-Halterungen-WebSlider.jpg\",\"datePublished\":\"2025-06-17T12:01:27+00:00\",\"dateModified\":\"2026-04-13T07:14:02+00:00\",\"breadcrumb\":{\"@id\":\"https:\/\/lang-baranday.ch\/#breadcrumb\"},\"inLanguage\":\"fr-FR\",\"potentialAction\":[{\"@type\":\"ReadAction\",\"target\":[\"https:\/\/lang-baranday.ch\/\"]}]},{\"@type\":\"ImageObject\",\"inLanguage\":\"fr-FR\",\"@id\":\"https:\/\/lang-baranday.ch\/#primaryimage\",\"url\":\"https:\/\/lang-baranday.ch\/wp-content\/uploads\/LB-Kindermann-PJ-Halterungen-WebSlider.jpg\",\"contentUrl\":\"https:\/\/lang-baranday.ch\/wp-content\/uploads\/LB-Kindermann-PJ-Halterungen-WebSlider.jpg\"},{\"@type\":\"BreadcrumbList\",\"@id\":\"https:\/\/lang-baranday.ch\/#breadcrumb\",\"itemListElement\":[{\"@type\":\"ListItem\",\"position\":1,\"name\":\"Home\",\"item\":\"https:\/\/lang-baranday.ch\/\"},{\"@type\":\"ListItem\",\"position\":2,\"name\":\"Lang Baranday AG &#8211; Home\"}]},{\"@type\":\"WebSite\",\"@id\":\"https:\/\/lang-baranday.ch\/#website\",\"url\":\"https:\/\/lang-baranday.ch\/\",\"name\":\"Lang Baranday AG\",\"description\":\"\",\"publisher\":{\"@id\":\"https:\/\/lang-baranday.ch\/#organization\"},\"potentialAction\":[{\"@type\":\"SearchAction\",\"target\":{\"@type\":\"EntryPoint\",\"urlTemplate\":\"https:\/\/lang-baranday.ch\/?s={search_term_string}\"},\"query-input\":{\"@type\":\"PropertyValueSpecification\",\"valueRequired\":true,\"valueName\":\"search_term_string\"}}],\"inLanguage\":\"fr-FR\"},{\"@type\":\"Organization\",\"@id\":\"https:\/\/lang-baranday.ch\/#organization\",\"name\":\"Lang Baranday AG\",\"url\":\"https:\/\/lang-baranday.ch\/\",\"logo\":{\"@type\":\"ImageObject\",\"inLanguage\":\"fr-FR\",\"@id\":\"https:\/\/lang-baranday.ch\/#\/schema\/logo\/image\/\",\"url\":\"https:\/\/lang-baranday.ch\/wp-content\/uploads\/2025\/03\/LANG_BARANDAY_logo.png\",\"contentUrl\":\"https:\/\/lang-baranday.ch\/wp-content\/uploads\/2025\/03\/LANG_BARANDAY_logo.png\",\"width\":140,\"height\":45,\"caption\":\"Lang Baranday AG\"},\"image\":{\"@id\":\"https:\/\/lang-baranday.ch\/#\/schema\/logo\/image\/\"}}]}<\/script>\n<!-- \/ Yoast SEO plugin. -->","yoast_head_json":{"title":"Lang Baranday AG - Home - Lang Baranday AG","robots":{"index":"index","follow":"follow","max-snippet":"max-snippet:-1","max-image-preview":"max-image-preview:large","max-video-preview":"max-video-preview:-1"},"canonical":"https:\/\/lang-baranday.ch\/fr\/","og_locale":"fr_FR","og_type":"article","og_title":"Lang Baranday AG - Home - Lang Baranday AG","og_description":"Kindermann Pr\u00e4zise, schnell wechselbar, hochwertig \u00a0 \u00a0 \u00a0 \u00a0 \u00a0 &#8211; die Deckenhalterung, die alles kann MEHR ERFAHREN Analog Way Pioneer in Analog, Leader in Digital ZUM KONFIGURATOR PIXERA Next Generation Media Server KONTAKTIEREN SIE UNS BARCO Cloud-basierte L\u00f6sung f\u00fcr die chirurgische Remote-Zusammenarbeit MEHR ERFAHREN SERVICE Wir lieben unsere Ger\u00e4te Leidenschaft f\u00fcr Technik Die LANG [&hellip;]","og_url":"https:\/\/lang-baranday.ch\/fr\/","og_site_name":"Lang Baranday AG","article_modified_time":"2026-04-13T07:14:02+00:00","og_image":[{"url":"https:\/\/lang-baranday.ch\/wp-content\/uploads\/LB-Kindermann-PJ-Halterungen-WebSlider.jpg","type":"","width":"","height":""}],"twitter_card":"summary_large_image","twitter_misc":{"Dur\u00e9e de lecture estim\u00e9e":"11 minutes"},"schema":{"@context":"https:\/\/schema.org","@graph":[{"@type":"WebPage","@id":"https:\/\/lang-baranday.ch\/","url":"https:\/\/lang-baranday.ch\/","name":"Lang Baranday AG - Home - Lang Baranday AG","isPartOf":{"@id":"https:\/\/lang-baranday.ch\/#website"},"primaryImageOfPage":{"@id":"https:\/\/lang-baranday.ch\/#primaryimage"},"image":{"@id":"https:\/\/lang-baranday.ch\/#primaryimage"},"thumbnailUrl":"https:\/\/lang-baranday.ch\/wp-content\/uploads\/LB-Kindermann-PJ-Halterungen-WebSlider.jpg","datePublished":"2025-06-17T12:01:27+00:00","dateModified":"2026-04-13T07:14:02+00:00","breadcrumb":{"@id":"https:\/\/lang-baranday.ch\/#breadcrumb"},"inLanguage":"fr-FR","potentialAction":[{"@type":"ReadAction","target":["https:\/\/lang-baranday.ch\/"]}]},{"@type":"ImageObject","inLanguage":"fr-FR","@id":"https:\/\/lang-baranday.ch\/#primaryimage","url":"https:\/\/lang-baranday.ch\/wp-content\/uploads\/LB-Kindermann-PJ-Halterungen-WebSlider.jpg","contentUrl":"https:\/\/lang-baranday.ch\/wp-content\/uploads\/LB-Kindermann-PJ-Halterungen-WebSlider.jpg"},{"@type":"BreadcrumbList","@id":"https:\/\/lang-baranday.ch\/#breadcrumb","itemListElement":[{"@type":"ListItem","position":1,"name":"Home","item":"https:\/\/lang-baranday.ch\/"},{"@type":"ListItem","position":2,"name":"Lang Baranday AG &#8211; Home"}]},{"@type":"WebSite","@id":"https:\/\/lang-baranday.ch\/#website","url":"https:\/\/lang-baranday.ch\/","name":"Lang Baranday AG","description":"","publisher":{"@id":"https:\/\/lang-baranday.ch\/#organization"},"potentialAction":[{"@type":"SearchAction","target":{"@type":"EntryPoint","urlTemplate":"https:\/\/lang-baranday.ch\/?s={search_term_string}"},"query-input":{"@type":"PropertyValueSpecification","valueRequired":true,"valueName":"search_term_string"}}],"inLanguage":"fr-FR"},{"@type":"Organization","@id":"https:\/\/lang-baranday.ch\/#organization","name":"Lang Baranday AG","url":"https:\/\/lang-baranday.ch\/","logo":{"@type":"ImageObject","inLanguage":"fr-FR","@id":"https:\/\/lang-baranday.ch\/#\/schema\/logo\/image\/","url":"https:\/\/lang-baranday.ch\/wp-content\/uploads\/2025\/03\/LANG_BARANDAY_logo.png","contentUrl":"https:\/\/lang-baranday.ch\/wp-content\/uploads\/2025\/03\/LANG_BARANDAY_logo.png","width":140,"height":45,"caption":"Lang Baranday AG"},"image":{"@id":"https:\/\/lang-baranday.ch\/#\/schema\/logo\/image\/"}}]}},"_links":{"self":[{"href":"https:\/\/lang-baranday.ch\/fr\/wp-json\/wp\/v2\/pages\/2698","targetHints":{"allow":["GET"]}}],"collection":[{"href":"https:\/\/lang-baranday.ch\/fr\/wp-json\/wp\/v2\/pages"}],"about":[{"href":"https:\/\/lang-baranday.ch\/fr\/wp-json\/wp\/v2\/types\/page"}],"author":[{"embeddable":true,"href":"https:\/\/lang-baranday.ch\/fr\/wp-json\/wp\/v2\/users\/1"}],"replies":[{"embeddable":true,"href":"https:\/\/lang-baranday.ch\/fr\/wp-json\/wp\/v2\/comments?post=2698"}],"version-history":[{"count":11,"href":"https:\/\/lang-baranday.ch\/fr\/wp-json\/wp\/v2\/pages\/2698\/revisions"}],"predecessor-version":[{"id":3290,"href":"https:\/\/lang-baranday.ch\/fr\/wp-json\/wp\/v2\/pages\/2698\/revisions\/3290"}],"wp:attachment":[{"href":"https:\/\/lang-baranday.ch\/fr\/wp-json\/wp\/v2\/media?parent=2698"}],"curies":[{"name":"wp","href":"https:\/\/api.w.org\/{rel}","templated":true}]}}